{"id":7422,"date":"2022-09-22T08:36:32","date_gmt":"2022-09-22T06:36:32","guid":{"rendered":"https:\/\/www.danilopepatofranci-pittore.it\/pietro-marangoni\/"},"modified":"2023-02-16T08:48:41","modified_gmt":"2023-02-16T07:48:41","slug":"pietro-marangoni","status":"publish","type":"page","link":"https:\/\/www.danilopepatofranci-pittore.it\/de\/pietro-marangoni\/","title":{"rendered":"Pietro Marangoni"},"content":{"rendered":"\t\t<div data-elementor-type=\"wp-page\" data-elementor-id=\"7422\" class=\"elementor elementor-7422 elementor-6514\" data-elementor-post-type=\"page\">\n\t\t\t\t\t\t<section class=\"elementor-section elementor-top-section elementor-element elementor-element-7ea4607f elementor-section-boxed elementor-section-height-default elementor-section-height-default\" data-id=\"7ea4607f\" data-element_type=\"section\">\n\t\t\t\t\t\t<div class=\"elementor-container elementor-column-gap-default\">\n\t\t\t\t\t<div class=\"elementor-column elementor-col-100 elementor-top-column elementor-element elementor-element-5a004d27\" data-id=\"5a004d27\" data-element_type=\"column\">\n\t\t\t<div class=\"elementor-widget-wrap elementor-element-populated\">\n\t\t\t\t\t\t<div class=\"elementor-element elementor-element-40fd1d5 elementor-widget elementor-widget-text-editor\" data-id=\"40fd1d5\" data-element_type=\"widget\" data-widget_type=\"text-editor.default\">\n\t\t\t\t<div class=\"elementor-widget-container\">\n\t\t\t<style>\/*! elementor - v3.21.0 - 26-05-2024 *\/\n.elementor-widget-text-editor.elementor-drop-cap-view-stacked .elementor-drop-cap{background-color:#69727d;color:#fff}.elementor-widget-text-editor.elementor-drop-cap-view-framed .elementor-drop-cap{color:#69727d;border:3px solid;background-color:transparent}.elementor-widget-text-editor:not(.elementor-drop-cap-view-default) .elementor-drop-cap{margin-top:8px}.elementor-widget-text-editor:not(.elementor-drop-cap-view-default) .elementor-drop-cap-letter{width:1em;height:1em}.elementor-widget-text-editor .elementor-drop-cap{float:left;text-align:center;line-height:1;font-size:50px}.elementor-widget-text-editor .elementor-drop-cap-letter{display:inline-block}<\/style>\t\t\t\tF\u00fcr mich als Kind war es immer ein gro\u00dfartiges Gef\u00fchl, durch das Tor des Dominikanerklosters zu gehen und dann durch den strengen S\u00e4ulengang auf die gegen\u00fcberliegende Seite zu gelangen, wo sich der Kapitelsaal \u00f6ff-nete. Man hielt den Atem an. Es war so, als w\u00fcrde man einen heiligen Ort betreten. In den 1950er Jahren war dies der \u201eOrt\u201c der Kultur in der Stadt Bozen. Auf der einen Seite stand das Konservatorium, in dem Arturo Benedetti Michelangeli spielte, und auf der anderen Seite der Raum, in dem die ber\u00fchmtesten K\u00fcnstler der Stadt ihre besten Werke ausstellten.\n\nEs waren die Jahre, in denen die Menschen die tragischen Erinnerungen an den Krieg schnell hinter sich lassen wollten. Die Menschen blickten voller Zuversicht in die Zukunft, in den Wiederaufbau, in die Wiederentdeckung eines neuen Wohlstands.\n\nEs waren die Jahre des Enthusiasmus, die Jahre, in denen man nach neuen Statussymbolen suchte und diese best\u00e4tigte: der 600er, der uns zum Skifahren in die Berge brachte, der Fernseher, vor dem wir donnerstagabends \u201eLascia o raddoppia\u201c sahen, das Anlegen einer Sammlung sch\u00f6ner Bilder, die unser Haus bereichern und aufwerten sollten. Und gerade in diesen Jahren der kleinen Erfolge und der hart erarbeiteten Genugtuung lud mich mein Vater ein, die Werke der im Capitolare ausgestellten Meister zu besichtigen.\n\nJedes Mal gab es etwas anderes zu sehen und zu bewundern. Der schmale Raum am Ende des Kreuzgangs enth\u00fcllte immer wieder Geschichten und unerwartete kleine Sch\u00e4tze, Werke von K\u00fcnstlern der italienischen oder S\u00fcdtiroler Kultur. Seien es die Seest\u00fccke von Ulderico Giovacchini oder die Landschaften von Hubert Mumelter oder die St\u00e4dte von Elio De Biasi, bis hin zu den labyrinthischen, aber immer beruhigenden W\u00e4ldern, die nur der Pinsel von Pepato Franci auf den Karton zeichnen konnte.\n\nDer Wald von Franci war nie ein beunruhigender Ort, der Angst vermittelte. Es war weder ein \u201edunkler Wald\u201c noch der \u201edichte Wald\u201c der germanischen Kultur. Es war und ist ein Ort des Friedens und der Gelassenheit: das neue Arkadien. Und genau dieses Gef\u00fchl der Ruhe, das seine Werke zu vermitteln wussten, war der Schl\u00fcssel zu seinem pers\u00f6nlichen Erfolg und machte ihn zum Referenzmaler f\u00fcr eine Gesellschaft, die in die Zukunft blickte und sich mit neuen Gewissheiten umgeben wollte.\n\nDer aus Venetien stammende Danilo Franci war fasziniert von der wilden Sch\u00f6nheit der Dolomiten, den tausend Gr\u00fcnt\u00f6nen der W\u00e4lder und den Farben und D\u00fcften der Blumen. Wie nur wenigen anderen ist es ihm gelungen, diese starke Welt, die er liebte und in der die Natur der absolute Protagonist war, zu verewigen. In dieser Welt der Emo-tionen, der Momente, der Einsamkeit und des Nachden-kens gelang es ihm, die Essenz der Natur einzufangen und sie mit Freude in die H\u00e4user der Bozner und ihrer zahl-reichen Bewunderer zu bringen.\n\nSeine Kinder Alberto und Alessandra tun gut daran, sich an das Werk eines K\u00fcnstlers zu erinnern, der ein Protagonist einer fruchtbaren und gl\u00fccklichen Epoche war. Vor etwa zehn Jahren, im Oktober 2012, wollte ich diesem K\u00fcnstler mit einer Ausstellung im Espace La Stanza Tribut zollen.\n\nEs ist daher richtig, dass die Stadt Bozen heute auf organische und vollst\u00e4ndige Weise an einen Protagonisten aus anregenden und fruchtbaren Tagen erinnert, die heute Gefahr laufen, zu Unrecht in Vergessenheit zu geraten.\t\t\t\t\t\t<\/div>\n\t\t\t\t<\/div>\n\t\t\t\t<div class=\"elementor-element elementor-element-b63f416 elementor-widget elementor-widget-text-editor\" data-id=\"b63f416\" data-element_type=\"widget\" data-widget_type=\"text-editor.default\">\n\t\t\t\t<div class=\"elementor-widget-container\">\n\t\t\t\t\t\t\t<p>&#8222;Bozen, Dezember 2021&#8220;<\/p>\t\t\t\t\t\t<\/div>\n\t\t\t\t<\/div>\n\t\t\t\t\t<\/div>\n\t\t<\/div>\n\t\t\t\t\t<\/div>\n\t\t<\/section>\n\t\t\t\t<\/div>\n\t\t","protected":false},"excerpt":{"rendered":"<p>F\u00fcr mich als Kind war es immer ein gro\u00dfartiges Gef\u00fchl, durch das Tor des Dominikanerklosters zu gehen und dann durch den strengen S\u00e4ulengang auf die gegen\u00fcberliegende Seite zu gelangen, wo sich der Kapitelsaal \u00f6ff-nete. Man hielt den Atem an. Es war so, als w\u00fcrde man einen heiligen Ort betreten. In den 1950er Jahren war dies der \u201eOrt\u201c der Kultur in&#8230;<\/p>\n","protected":false},"author":1,"featured_media":0,"parent":0,"menu_order":0,"comment_status":"closed","ping_status":"closed","template":"","meta":{"footnotes":""},"class_list":["post-7422","page","type-page","status-publish","hentry"],"_links":{"self":[{"href":"https:\/\/www.danilopepatofranci-pittore.it\/de\/wp-json\/wp\/v2\/pages\/7422","targetHints":{"allow":["GET"]}}],"collection":[{"href":"https:\/\/www.danilopepatofranci-pittore.it\/de\/wp-json\/wp\/v2\/pages"}],"about":[{"href":"https:\/\/www.danilopepatofranci-pittore.it\/de\/wp-json\/wp\/v2\/types\/page"}],"author":[{"embeddable":true,"href":"https:\/\/www.danilopepatofranci-pittore.it\/de\/wp-json\/wp\/v2\/users\/1"}],"replies":[{"embeddable":true,"href":"https:\/\/www.danilopepatofranci-pittore.it\/de\/wp-json\/wp\/v2\/comments?post=7422"}],"version-history":[{"count":5,"href":"https:\/\/www.danilopepatofranci-pittore.it\/de\/wp-json\/wp\/v2\/pages\/7422\/revisions"}],"predecessor-version":[{"id":7843,"href":"https:\/\/www.danilopepatofranci-pittore.it\/de\/wp-json\/wp\/v2\/pages\/7422\/revisions\/7843"}],"wp:attachment":[{"href":"https:\/\/www.danilopepatofranci-pittore.it\/de\/wp-json\/wp\/v2\/media?parent=7422"}],"curies":[{"name":"wp","href":"https:\/\/api.w.org\/{rel}","templated":true}]}}