{"id":7408,"date":"2022-09-21T15:53:03","date_gmt":"2022-09-21T13:53:03","guid":{"rendered":"https:\/\/www.danilopepatofranci-pittore.it\/enrico-farina\/"},"modified":"2023-02-16T08:37:56","modified_gmt":"2023-02-16T07:37:56","slug":"enrico-farina","status":"publish","type":"page","link":"https:\/\/www.danilopepatofranci-pittore.it\/de\/enrico-farina\/","title":{"rendered":"Enrico Farina"},"content":{"rendered":"\t\t<div data-elementor-type=\"wp-page\" data-elementor-id=\"7408\" class=\"elementor elementor-7408 elementor-6486\" data-elementor-post-type=\"page\">\n\t\t\t\t\t\t<section class=\"elementor-section elementor-top-section elementor-element elementor-element-4f227cf3 elementor-section-boxed elementor-section-height-default elementor-section-height-default\" data-id=\"4f227cf3\" data-element_type=\"section\">\n\t\t\t\t\t\t<div class=\"elementor-container elementor-column-gap-default\">\n\t\t\t\t\t<div class=\"elementor-column elementor-col-100 elementor-top-column elementor-element elementor-element-278e03bc\" data-id=\"278e03bc\" data-element_type=\"column\">\n\t\t\t<div class=\"elementor-widget-wrap elementor-element-populated\">\n\t\t\t\t\t\t<div class=\"elementor-element elementor-element-4ee02063 elementor-widget elementor-widget-text-editor\" data-id=\"4ee02063\" data-element_type=\"widget\" data-widget_type=\"text-editor.default\">\n\t\t\t\t<div class=\"elementor-widget-container\">\n\t\t\t<style>\/*! elementor - v3.21.0 - 26-05-2024 *\/\n.elementor-widget-text-editor.elementor-drop-cap-view-stacked .elementor-drop-cap{background-color:#69727d;color:#fff}.elementor-widget-text-editor.elementor-drop-cap-view-framed .elementor-drop-cap{color:#69727d;border:3px solid;background-color:transparent}.elementor-widget-text-editor:not(.elementor-drop-cap-view-default) .elementor-drop-cap{margin-top:8px}.elementor-widget-text-editor:not(.elementor-drop-cap-view-default) .elementor-drop-cap-letter{width:1em;height:1em}.elementor-widget-text-editor .elementor-drop-cap{float:left;text-align:center;line-height:1;font-size:50px}.elementor-widget-text-editor .elementor-drop-cap-letter{display:inline-block}<\/style>\t\t\t\tIn kurzen Worten, was bedeutet es eine Ausstellung zu veranstalten? Nur Bilder aufh\u00e4ngen? Sicherlich nicht, denn wenn das der Fall w\u00e4re, w\u00e4re es sehr reduzierend. F\u00fcr mich ist der Aufbau einer Ausstellung die letzte Etappe eines langen und komplexen Prozesses, der mit der Beteiligung an einer Planung beginnt, die darauf abzielt, im Falle einer Kollektivausstellung, eine Reihe von Kunstwerken hervorzuheben, die dem Publikum verschiedene Denkanst\u00f6\u00dfe vermitteln. Kollektivausstellungen k\u00f6nnen frei und ohne genaue Angaben stattfinden oder sie haben ein gemeinsames Leitthema inne. Andererseits erfordert die pers\u00f6nliche Ausstellung eines einzelnen K\u00fcnstlers einen anderen Ansatz, da es notwendig ist in die inneren Konzepte des K\u00fcnstlers selbst einzutauchen, sich mit der betreffenden Person zu identifizieren und einen Dialog mit ihr zu f\u00fchren. Und mit einem Memorial? Die Ausstellung der Werke eines verstorbenen K\u00fcnstlers ist etwas anderes: es handelt sich um ein anderes Emotionsgef\u00fchl. Daher ist es zweifellos richtig und n\u00fctzlich, sein Leben anhand aller verf\u00fcgbaren Dokumente zu erforschen: dann muss man aber den qualitativen Sprung machen, sich in die spezifische Pers\u00f6nlichkeit des Autors hineinzuversetzen, indem man versucht sich idealerweise so neben ihn zu stellen, wie er es sich gew\u00fcnscht h\u00e4tte. Daher muss der Aufbau der Ausstellung zu einer Art Erz\u00e4h-lung werden, die eher emotional als chronologisch ist. Im Fall von Danilo Pepato Franci muss man sich in seine ferne, naturnahe Gef\u00fchlswelt hineinversetzen, um die Sanftheit der alpinen Landschaften und die W\u00e4rme der Lichtstimmungen zu genie\u00dfen, die er so gekonnt gemalt hat. Aus diesem Grund erh\u00e4lt die thematische Ausstellung seiner emotionalen Interpretationen einen tiefgreifenden Wert, der den Betrachter in einen globalen Augenblick einbeziehen will. Ein \u201eUnikum\u201c, das nicht nur aus den alten Werken durchdringt, die die Zeit vergeblich versucht hat zu verwischen, sondern auch aus dem Gesamtensemble, das zusammen mit den typischen Barockrahmen der Vergangenheit immer noch die lebendige Frische des urspr\u00fcng-lichen und unver\u00e4nderlichen Geistes des K\u00fcnstlers zu vermitteln vermag.\t\t\t\t\t\t<\/div>\n\t\t\t\t<\/div>\n\t\t\t\t<div class=\"elementor-element elementor-element-920a244 elementor-widget elementor-widget-text-editor\" data-id=\"920a244\" data-element_type=\"widget\" data-widget_type=\"text-editor.default\">\n\t\t\t\t<div class=\"elementor-widget-container\">\n\t\t\t\t\t\t\t<p>&#8222;Bozen, Dezember 2021 &#8222;<\/p>\t\t\t\t\t\t<\/div>\n\t\t\t\t<\/div>\n\t\t\t\t\t<\/div>\n\t\t<\/div>\n\t\t\t\t\t<\/div>\n\t\t<\/section>\n\t\t\t\t<\/div>\n\t\t","protected":false},"excerpt":{"rendered":"<p>In kurzen Worten, was bedeutet es eine Ausstellung zu veranstalten? Nur Bilder aufh\u00e4ngen? Sicherlich nicht, denn wenn das der Fall w\u00e4re, w\u00e4re es sehr reduzierend. F\u00fcr mich ist der Aufbau einer Ausstellung die letzte Etappe eines langen und komplexen Prozesses, der mit der Beteiligung an einer Planung beginnt, die darauf abzielt, im Falle einer Kollektivausstellung, eine Reihe von Kunstwerken hervorzuheben,&#8230;<\/p>\n","protected":false},"author":1,"featured_media":0,"parent":0,"menu_order":0,"comment_status":"closed","ping_status":"closed","template":"","meta":{"footnotes":""},"class_list":["post-7408","page","type-page","status-publish","hentry"],"_links":{"self":[{"href":"https:\/\/www.danilopepatofranci-pittore.it\/de\/wp-json\/wp\/v2\/pages\/7408","targetHints":{"allow":["GET"]}}],"collection":[{"href":"https:\/\/www.danilopepatofranci-pittore.it\/de\/wp-json\/wp\/v2\/pages"}],"about":[{"href":"https:\/\/www.danilopepatofranci-pittore.it\/de\/wp-json\/wp\/v2\/types\/page"}],"author":[{"embeddable":true,"href":"https:\/\/www.danilopepatofranci-pittore.it\/de\/wp-json\/wp\/v2\/users\/1"}],"replies":[{"embeddable":true,"href":"https:\/\/www.danilopepatofranci-pittore.it\/de\/wp-json\/wp\/v2\/comments?post=7408"}],"version-history":[{"count":5,"href":"https:\/\/www.danilopepatofranci-pittore.it\/de\/wp-json\/wp\/v2\/pages\/7408\/revisions"}],"predecessor-version":[{"id":7835,"href":"https:\/\/www.danilopepatofranci-pittore.it\/de\/wp-json\/wp\/v2\/pages\/7408\/revisions\/7835"}],"wp:attachment":[{"href":"https:\/\/www.danilopepatofranci-pittore.it\/de\/wp-json\/wp\/v2\/media?parent=7408"}],"curies":[{"name":"wp","href":"https:\/\/api.w.org\/{rel}","templated":true}]}}