{"id":7407,"date":"2022-11-11T13:44:04","date_gmt":"2022-11-11T12:44:04","guid":{"rendered":"https:\/\/www.danilopepatofranci-pittore.it\/citazioni\/"},"modified":"2024-06-02T21:53:57","modified_gmt":"2024-06-02T19:53:57","slug":"citazioni","status":"publish","type":"page","link":"https:\/\/www.danilopepatofranci-pittore.it\/de\/citazioni\/","title":{"rendered":"Zitate"},"content":{"rendered":"\t\t<div data-elementor-type=\"wp-page\" data-elementor-id=\"7407\" class=\"elementor elementor-7407 elementor-6753\" data-elementor-post-type=\"page\">\n\t\t\t\t\t\t<section class=\"elementor-section elementor-top-section elementor-element elementor-element-5d7d699 elementor-section-boxed elementor-section-height-default elementor-section-height-default\" data-id=\"5d7d699\" data-element_type=\"section\">\n\t\t\t\t\t\t<div class=\"elementor-container elementor-column-gap-no\">\n\t\t\t\t\t<div class=\"elementor-column elementor-col-50 elementor-top-column elementor-element elementor-element-88150b4\" data-id=\"88150b4\" data-element_type=\"column\">\n\t\t\t<div class=\"elementor-widget-wrap elementor-element-populated\">\n\t\t\t\t\t\t<div class=\"elementor-element elementor-element-fa730c0 elementor-widget elementor-widget-image\" data-id=\"fa730c0\" data-element_type=\"widget\" data-widget_type=\"image.default\">\n\t\t\t\t<div class=\"elementor-widget-container\">\n\t\t\t<style>\/*! elementor - v3.21.0 - 26-05-2024 *\/\n.elementor-widget-image{text-align:center}.elementor-widget-image a{display:inline-block}.elementor-widget-image a img[src$=\".svg\"]{width:48px}.elementor-widget-image img{vertical-align:middle;display:inline-block}<\/style>\t\t\t\t\t\t\t\t\t\t<img fetchpriority=\"high\" decoding=\"async\" width=\"888\" height=\"681\" src=\"\/\/www.w3.org\/2000\/svg%27%20viewBox%3D%270%200%203%202%27%3E%3C\/svg%3E\" class=\"attachment-full size-full wp-image-8284 gt-lazy-load\" alt=\"libri d&#039;arte dell&#039;artista\" data-src=\"https:\/\/www.danilopepatofranci-pittore.it\/wp-content\/uploads\/2024\/06\/libri-darte-dellartista.jpg\" data-srcset=\"https:\/\/www.danilopepatofranci-pittore.it\/wp-content\/uploads\/2024\/06\/libri-darte-dellartista.jpg 888w, https:\/\/www.danilopepatofranci-pittore.it\/wp-content\/uploads\/2024\/06\/libri-darte-dellartista-300x230.jpg 300w, https:\/\/www.danilopepatofranci-pittore.it\/wp-content\/uploads\/2024\/06\/libri-darte-dellartista-768x589.jpg 768w, https:\/\/www.danilopepatofranci-pittore.it\/wp-content\/uploads\/2024\/06\/libri-darte-dellartista-415x318.jpg 415w, https:\/\/www.danilopepatofranci-pittore.it\/wp-content\/uploads\/2024\/06\/libri-darte-dellartista-650x498.jpg 650w, https:\/\/www.danilopepatofranci-pittore.it\/wp-content\/uploads\/2024\/06\/libri-darte-dellartista-250x192.jpg 250w\" data-sizes=\"(max-width: 888px) 100vw, 888px\" \/>\t\t\t\t\t\t\t\t\t\t\t\t\t<\/div>\n\t\t\t\t<\/div>\n\t\t\t\t\t<\/div>\n\t\t<\/div>\n\t\t\t\t<div class=\"elementor-column elementor-col-50 elementor-top-column elementor-element elementor-element-23be7ce\" data-id=\"23be7ce\" data-element_type=\"column\">\n\t\t\t<div class=\"elementor-widget-wrap elementor-element-populated\">\n\t\t\t\t\t\t<div class=\"elementor-element elementor-element-ba3e0f8 elementor-widget elementor-widget-accordion\" data-id=\"ba3e0f8\" data-element_type=\"widget\" data-widget_type=\"accordion.default\">\n\t\t\t\t<div class=\"elementor-widget-container\">\n\t\t\t<style>\/*! elementor - v3.21.0 - 26-05-2024 *\/\n.elementor-accordion{text-align:start}.elementor-accordion .elementor-accordion-item{border:1px solid #d5d8dc}.elementor-accordion .elementor-accordion-item+.elementor-accordion-item{border-top:none}.elementor-accordion .elementor-tab-title{margin:0;padding:15px 20px;font-weight:700;line-height:1;cursor:pointer;outline:none}.elementor-accordion .elementor-tab-title .elementor-accordion-icon{display:inline-block;width:1.5em}.elementor-accordion .elementor-tab-title .elementor-accordion-icon svg{width:1em;height:1em}.elementor-accordion .elementor-tab-title .elementor-accordion-icon.elementor-accordion-icon-right{float:right;text-align:right}.elementor-accordion .elementor-tab-title .elementor-accordion-icon.elementor-accordion-icon-left{float:left;text-align:left}.elementor-accordion .elementor-tab-title .elementor-accordion-icon .elementor-accordion-icon-closed{display:block}.elementor-accordion .elementor-tab-title .elementor-accordion-icon .elementor-accordion-icon-opened,.elementor-accordion .elementor-tab-title.elementor-active .elementor-accordion-icon-closed{display:none}.elementor-accordion .elementor-tab-title.elementor-active .elementor-accordion-icon-opened{display:block}.elementor-accordion .elementor-tab-content{display:none;padding:15px 20px;border-top:1px solid #d5d8dc}@media (max-width:767px){.elementor-accordion .elementor-tab-title{padding:12px 15px}.elementor-accordion .elementor-tab-title .elementor-accordion-icon{width:1.2em}.elementor-accordion .elementor-tab-content{padding:7px 15px}}.e-con-inner>.elementor-widget-accordion,.e-con>.elementor-widget-accordion{width:var(--container-widget-width);--flex-grow:var(--container-widget-flex-grow)}<\/style>\t\t<div class=\"elementor-accordion\">\n\t\t\t\t\t\t\t<div class=\"elementor-accordion-item\">\n\t\t\t\t\t<div id=\"elementor-tab-title-1951\" class=\"elementor-tab-title\" data-tab=\"1\" role=\"button\" aria-controls=\"elementor-tab-content-1951\" aria-expanded=\"false\">\n\t\t\t\t\t\t\t\t\t\t\t\t\t<span class=\"elementor-accordion-icon elementor-accordion-icon-left\" aria-hidden=\"true\">\n\t\t\t\t\t\t\t\t\t\t\t\t\t\t\t<span class=\"elementor-accordion-icon-closed\"><i class=\"fas fa-chevron-down\"><\/i><\/span>\n\t\t\t\t\t\t\t\t<span class=\"elementor-accordion-icon-opened\"><i class=\"fas fa-chevron-up\"><\/i><\/span>\n\t\t\t\t\t\t\t\t\t\t\t\t\t\t<\/span>\n\t\t\t\t\t\t\t\t\t\t\t\t<a class=\"elementor-accordion-title\" tabindex=\"0\">Pierre Auguste Renoir<\/a>\n\t\t\t\t\t<\/div>\n\t\t\t\t\t<div id=\"elementor-tab-content-1951\" class=\"elementor-tab-content elementor-clearfix\" data-tab=\"1\" role=\"region\" aria-labelledby=\"elementor-tab-title-1951\"><q>F\u00fcr mich muss ein Bild etwas liebenswertes, erfreuliches und h\u00fcbsches, ja, etwas h\u00fcbsches sein! Es gibt genug unerfreuliche Dinge auf der Welt, als dass wir noch weitere fabrizieren m\u00fcssten!\u2026 Ich wei\u00df sehr wohl, wie schwierig es ist, eine beschwingte Kunst zu schaffen, der man zugleich das Pr\u00e4dikat gro\u00dfer Kunst zuerkennt.<\/q><\/div>\n\t\t\t\t<\/div>\n\t\t\t\t\t\t\t<div class=\"elementor-accordion-item\">\n\t\t\t\t\t<div id=\"elementor-tab-title-1952\" class=\"elementor-tab-title\" data-tab=\"2\" role=\"button\" aria-controls=\"elementor-tab-content-1952\" aria-expanded=\"false\">\n\t\t\t\t\t\t\t\t\t\t\t\t\t<span class=\"elementor-accordion-icon elementor-accordion-icon-left\" aria-hidden=\"true\">\n\t\t\t\t\t\t\t\t\t\t\t\t\t\t\t<span class=\"elementor-accordion-icon-closed\"><i class=\"fas fa-chevron-down\"><\/i><\/span>\n\t\t\t\t\t\t\t\t<span class=\"elementor-accordion-icon-opened\"><i class=\"fas fa-chevron-up\"><\/i><\/span>\n\t\t\t\t\t\t\t\t\t\t\t\t\t\t<\/span>\n\t\t\t\t\t\t\t\t\t\t\t\t<a class=\"elementor-accordion-title\" tabindex=\"0\">Paul Cezanne<\/a>\n\t\t\t\t\t<\/div>\n\t\t\t\t\t<div id=\"elementor-tab-content-1952\" class=\"elementor-tab-content elementor-clearfix\" data-tab=\"2\" role=\"region\" aria-labelledby=\"elementor-tab-title-1952\"><q>Alles, was wir sehen, nicht wahr, verstreut sich, entschwindet. Die Natur ist immer dieselbe, aber von ihrer sichtbaren Erscheinung bleibt nichts bestehen. Die Kunst muss ihr das Erhabene der Dauer geben\u2026 muss ihr in unserer Vorstellung Ewigkeit verleihen.<\/q><\/div>\n\t\t\t\t<\/div>\n\t\t\t\t\t\t\t<div class=\"elementor-accordion-item\">\n\t\t\t\t\t<div id=\"elementor-tab-title-1953\" class=\"elementor-tab-title\" data-tab=\"3\" role=\"button\" aria-controls=\"elementor-tab-content-1953\" aria-expanded=\"false\">\n\t\t\t\t\t\t\t\t\t\t\t\t\t<span class=\"elementor-accordion-icon elementor-accordion-icon-left\" aria-hidden=\"true\">\n\t\t\t\t\t\t\t\t\t\t\t\t\t\t\t<span class=\"elementor-accordion-icon-closed\"><i class=\"fas fa-chevron-down\"><\/i><\/span>\n\t\t\t\t\t\t\t\t<span class=\"elementor-accordion-icon-opened\"><i class=\"fas fa-chevron-up\"><\/i><\/span>\n\t\t\t\t\t\t\t\t\t\t\t\t\t\t<\/span>\n\t\t\t\t\t\t\t\t\t\t\t\t<a class=\"elementor-accordion-title\" tabindex=\"0\">David Maria Turoldo<\/a>\n\t\t\t\t\t<\/div>\n\t\t\t\t\t<div id=\"elementor-tab-content-1953\" class=\"elementor-tab-content elementor-clearfix\" data-tab=\"3\" role=\"region\" aria-labelledby=\"elementor-tab-title-1953\"><q>Es ist bewegend zu wissen, dass der Wald den gleichen Frieden sucht und jeder Fehler vergeben werden kann.<\/q><\/div>\n\t\t\t\t<\/div>\n\t\t\t\t\t\t\t<div class=\"elementor-accordion-item\">\n\t\t\t\t\t<div id=\"elementor-tab-title-1954\" class=\"elementor-tab-title\" data-tab=\"4\" role=\"button\" aria-controls=\"elementor-tab-content-1954\" aria-expanded=\"false\">\n\t\t\t\t\t\t\t\t\t\t\t\t\t<span class=\"elementor-accordion-icon elementor-accordion-icon-left\" aria-hidden=\"true\">\n\t\t\t\t\t\t\t\t\t\t\t\t\t\t\t<span class=\"elementor-accordion-icon-closed\"><i class=\"fas fa-chevron-down\"><\/i><\/span>\n\t\t\t\t\t\t\t\t<span class=\"elementor-accordion-icon-opened\"><i class=\"fas fa-chevron-up\"><\/i><\/span>\n\t\t\t\t\t\t\t\t\t\t\t\t\t\t<\/span>\n\t\t\t\t\t\t\t\t\t\t\t\t<a class=\"elementor-accordion-title\" tabindex=\"0\">Vincent van Gogh<\/a>\n\t\t\t\t\t<\/div>\n\t\t\t\t\t<div id=\"elementor-tab-content-1954\" class=\"elementor-tab-content elementor-clearfix\" data-tab=\"4\" role=\"region\" aria-labelledby=\"elementor-tab-title-1954\"><q>Wenn du die Natur wirklich liebst, wirst du \u00fcberall Sch\u00f6nheit finden.<\/q><\/div>\n\t\t\t\t<\/div>\n\t\t\t\t\t\t\t\t<\/div>\n\t\t\t\t<\/div>\n\t\t\t\t<\/div>\n\t\t\t\t\t<\/div>\n\t\t<\/div>\n\t\t\t\t\t<\/div>\n\t\t<\/section>\n\t\t\t\t<\/div>\n\t\t","protected":false},"excerpt":{"rendered":"<p>Pierre Auguste Renoir F\u00fcr mich muss ein Bild etwas liebenswertes, erfreuliches und h\u00fcbsches, ja, etwas h\u00fcbsches sein! Es gibt genug unerfreuliche Dinge auf der Welt, als dass wir noch weitere fabrizieren m\u00fcssten!\u2026 Ich wei\u00df sehr wohl, wie schwierig es ist, eine beschwingte Kunst zu schaffen, der man zugleich das Pr\u00e4dikat gro\u00dfer Kunst zuerkennt. Paul Cezanne Alles, was wir sehen, nicht&#8230;<\/p>\n","protected":false},"author":2,"featured_media":0,"parent":0,"menu_order":0,"comment_status":"closed","ping_status":"closed","template":"","meta":{"footnotes":""},"class_list":["post-7407","page","type-page","status-publish","hentry"],"_links":{"self":[{"href":"https:\/\/www.danilopepatofranci-pittore.it\/de\/wp-json\/wp\/v2\/pages\/7407","targetHints":{"allow":["GET"]}}],"collection":[{"href":"https:\/\/www.danilopepatofranci-pittore.it\/de\/wp-json\/wp\/v2\/pages"}],"about":[{"href":"https:\/\/www.danilopepatofranci-pittore.it\/de\/wp-json\/wp\/v2\/types\/page"}],"author":[{"embeddable":true,"href":"https:\/\/www.danilopepatofranci-pittore.it\/de\/wp-json\/wp\/v2\/users\/2"}],"replies":[{"embeddable":true,"href":"https:\/\/www.danilopepatofranci-pittore.it\/de\/wp-json\/wp\/v2\/comments?post=7407"}],"version-history":[{"count":5,"href":"https:\/\/www.danilopepatofranci-pittore.it\/de\/wp-json\/wp\/v2\/pages\/7407\/revisions"}],"predecessor-version":[{"id":8303,"href":"https:\/\/www.danilopepatofranci-pittore.it\/de\/wp-json\/wp\/v2\/pages\/7407\/revisions\/8303"}],"wp:attachment":[{"href":"https:\/\/www.danilopepatofranci-pittore.it\/de\/wp-json\/wp\/v2\/media?parent=7407"}],"curies":[{"name":"wp","href":"https:\/\/api.w.org\/{rel}","templated":true}]}}